{"id":4581,"date":"2026-04-16T15:52:08","date_gmt":"2026-04-16T13:52:08","guid":{"rendered":"https:\/\/vectem.com\/?post_type=product&#038;p=4581"},"modified":"2026-04-20T17:55:56","modified_gmt":"2026-04-20T15:55:56","slug":"xhekpon-contorn-copia","status":"publish","type":"product","link":"https:\/\/vectem.com\/ca\/producte\/xhekpon-contorn-copia\/","title":{"rendered":"Xhekpon escuma netejadora"},"content":{"rendered":"<p class=\"p1\"><span class=\"s1\">Escuma netejadora amb <strong>COL\u00b7LAGEN HIDROLITZAT, NIACINAMIDA, ALOE VERA i ALANTO\u00cfNA<\/strong>. Neteja suaument respectant l\u2019equilibri natural de la pell i deixa una escuma cremosa i suau que aporta sensaci\u00f3 de confort i hidrataci\u00f3.  <\/span><\/p>\n<p>Bona toler\u00e0ncia cut\u00e0nia. Testada sota control dermatol\u00f2gic i oftalmol\u00f2gic. No comedog\u00e8nica. Apte per a pells sensibles. <\/p>\n<h3>BENEFICIS<\/h3>\n<p class=\"p1\"><span class=\"s1\"><strong>Neteja suau i respectuosa<\/strong>: elimina les impureses sense alterar l\u2019equilibri natural de la pell, respectant fins i tot les pells m\u00e9s sensibles.<\/span><\/p>\n<p class=\"p1\"><span class=\"s1\"><strong>Refor\u00e7 de la funci\u00f3 barrera<\/strong>: ajuda a mantenir la pell protegida davant les agressions externes i a conservar la seva hidrataci\u00f3 natural.<\/span><\/p>\n<p class=\"p1\"><span class=\"s1\"><strong>Sensaci\u00f3 de pell calmada<\/strong>: aporta confort immediat, reduint la sensaci\u00f3 de tibantor despr\u00e9s de la neteja.<\/span><\/p>\n<p class=\"p1\"><span class=\"s1\"><strong>Escuma cremosa i agradable<\/strong>: textura envoltant que facilita l\u2019aplicaci\u00f3 i millora l\u2019experi\u00e8ncia d\u2019\u00fas.<\/span><\/p>\n<p class=\"p1\"><span class=\"s1\"><strong>Pell m\u00e9s lluminosa i confortable<\/strong>: deixa la pell amb un aspecte m\u00e9s fresc, suau i visiblement saludable.<\/span><\/p>\n","protected":false},"excerpt":{"rendered":"<p>Neteja di\u00e0ria per al mat\u00ed i la nit<\/p>\n","protected":false},"featured_media":4586,"menu_order":3,"template":"","meta":[],"product_brand":[],"product_cat":[236],"product_tag":[],"class_list":{"0":"post-4581","1":"product","2":"type-product","3":"status-publish","4":"has-post-thumbnail","6":"product_cat-sin-categoria-ca","7":"pa_por-activos-collagen-hidrolitzat","8":"pa_por-activos-peptids","9":"pa_por-aplicacion-facial-ca","10":"pa_por-categoria-novetats","11":"pa_por-marca-xhekpon-ca","12":"pa_por-necesidad-arrugues-i-linies-dexpressio","14":"first","15":"instock","16":"shipping-taxable","17":"product-type-simple"},"yoast_head":"<!-- This site is optimized with the Yoast SEO plugin v27.5 - https:\/\/yoast.com\/product\/yoast-seo-wordpress\/ -->\n<title>Xhekpon Escuma Netejadora | Per a tot tipus de pells<\/title>\n<meta name=\"description\" content=\"Escuma netejadora per a tot tipus de pells (tamb\u00e9 pells sensibles). Neteja suaument i aporta sensaci\u00f3 de confort i hidrataci\u00f3.\" \/>\n<meta name=\"robots\" content=\"index, follow, max-snippet:-1, max-image-preview:large, max-video-preview:-1\" \/>\n<link rel=\"canonical\" href=\"https:\/\/vectem.com\/ca\/producte\/xhekpon-contorn-copia\/\" \/>\n<meta property=\"og:locale\" content=\"ca_ES\" \/>\n<meta property=\"og:type\" content=\"article\" \/>\n<meta property=\"og:title\" content=\"Xhekpon Escuma Netejadora | Per a tot tipus de pells\" \/>\n<meta property=\"og:description\" content=\"Escuma netejadora per a tot tipus de pells (tamb\u00e9 pells sensibles). Neteja suaument i aporta sensaci\u00f3 de confort i hidrataci\u00f3.\" \/>\n<meta property=\"og:url\" content=\"https:\/\/vectem.com\/ca\/producte\/xhekpon-contorn-copia\/\" \/>\n<meta property=\"og:site_name\" content=\"Vectem\" \/>\n<meta property=\"article:modified_time\" content=\"2026-04-20T15:55:56+00:00\" \/>\n<meta property=\"og:image\" content=\"https:\/\/vectem.com\/wp-content\/uploads\/2026\/04\/xhekpon-espuma-limpiadora.webp\" \/>\n\t<meta property=\"og:image:width\" content=\"1200\" \/>\n\t<meta property=\"og:image:height\" content=\"1200\" \/>\n\t<meta property=\"og:image:type\" content=\"image\/webp\" \/>\n<meta name=\"twitter:card\" content=\"summary_large_image\" \/>\n<meta name=\"twitter:label1\" content=\"Temps estimat de lectura\" \/>\n\t<meta name=\"twitter:data1\" content=\"1 minut\" \/>\n<script type=\"application\/ld+json\" class=\"yoast-schema-graph\">{\"@context\":\"https:\\\/\\\/schema.org\",\"@graph\":[{\"@type\":\"WebPage\",\"@id\":\"https:\\\/\\\/vectem.com\\\/ca\\\/producte\\\/xhekpon-contorn-copia\\\/\",\"url\":\"https:\\\/\\\/vectem.com\\\/ca\\\/producte\\\/xhekpon-contorn-copia\\\/\",\"name\":\"Xhekpon Escuma Netejadora | Per a tot tipus de pells\",\"isPartOf\":{\"@id\":\"https:\\\/\\\/vectem.com\\\/ca\\\/#website\"},\"primaryImageOfPage\":{\"@id\":\"https:\\\/\\\/vectem.com\\\/ca\\\/producte\\\/xhekpon-contorn-copia\\\/#primaryimage\"},\"image\":{\"@id\":\"https:\\\/\\\/vectem.com\\\/ca\\\/producte\\\/xhekpon-contorn-copia\\\/#primaryimage\"},\"thumbnailUrl\":\"https:\\\/\\\/vectem.com\\\/wp-content\\\/uploads\\\/2026\\\/04\\\/xhekpon-espuma-limpiadora.webp\",\"datePublished\":\"2026-04-16T13:52:08+00:00\",\"dateModified\":\"2026-04-20T15:55:56+00:00\",\"description\":\"Escuma netejadora per a tot tipus de pells (tamb\u00e9 pells sensibles). Neteja suaument i aporta sensaci\u00f3 de confort i hidrataci\u00f3.\",\"breadcrumb\":{\"@id\":\"https:\\\/\\\/vectem.com\\\/ca\\\/producte\\\/xhekpon-contorn-copia\\\/#breadcrumb\"},\"inLanguage\":\"ca\",\"potentialAction\":[{\"@type\":\"ReadAction\",\"target\":[\"https:\\\/\\\/vectem.com\\\/ca\\\/producte\\\/xhekpon-contorn-copia\\\/\"]}]},{\"@type\":\"ImageObject\",\"inLanguage\":\"ca\",\"@id\":\"https:\\\/\\\/vectem.com\\\/ca\\\/producte\\\/xhekpon-contorn-copia\\\/#primaryimage\",\"url\":\"https:\\\/\\\/vectem.com\\\/wp-content\\\/uploads\\\/2026\\\/04\\\/xhekpon-espuma-limpiadora.webp\",\"contentUrl\":\"https:\\\/\\\/vectem.com\\\/wp-content\\\/uploads\\\/2026\\\/04\\\/xhekpon-espuma-limpiadora.webp\",\"width\":1200,\"height\":1200,\"caption\":\"xhekpon escuma netejadora\"},{\"@type\":\"BreadcrumbList\",\"@id\":\"https:\\\/\\\/vectem.com\\\/ca\\\/producte\\\/xhekpon-contorn-copia\\\/#breadcrumb\",\"itemListElement\":[{\"@type\":\"ListItem\",\"position\":1,\"name\":\"Home\",\"item\":\"https:\\\/\\\/vectem.com\\\/ca\\\/\"},{\"@type\":\"ListItem\",\"position\":2,\"name\":\"Productes\",\"item\":\"https:\\\/\\\/vectem.com\\\/ca\\\/productes\\\/\"},{\"@type\":\"ListItem\",\"position\":3,\"name\":\"Xhekpon escuma netejadora\"}]},{\"@type\":\"WebSite\",\"@id\":\"https:\\\/\\\/vectem.com\\\/ca\\\/#website\",\"url\":\"https:\\\/\\\/vectem.com\\\/ca\\\/\",\"name\":\"Vectem\",\"description\":\"Laboratorio Qu\u00edmico y farmac\u00e9utico\",\"publisher\":{\"@id\":\"https:\\\/\\\/vectem.com\\\/ca\\\/#organization\"},\"potentialAction\":[{\"@type\":\"SearchAction\",\"target\":{\"@type\":\"EntryPoint\",\"urlTemplate\":\"https:\\\/\\\/vectem.com\\\/ca\\\/?s={search_term_string}\"},\"query-input\":{\"@type\":\"PropertyValueSpecification\",\"valueRequired\":true,\"valueName\":\"search_term_string\"}}],\"inLanguage\":\"ca\"},{\"@type\":\"Organization\",\"@id\":\"https:\\\/\\\/vectem.com\\\/ca\\\/#organization\",\"name\":\"Vectem\",\"url\":\"https:\\\/\\\/vectem.com\\\/ca\\\/\",\"logo\":{\"@type\":\"ImageObject\",\"inLanguage\":\"ca\",\"@id\":\"https:\\\/\\\/vectem.com\\\/ca\\\/#\\\/schema\\\/logo\\\/image\\\/\",\"url\":\"https:\\\/\\\/vectem.com\\\/wp-content\\\/uploads\\\/2025\\\/02\\\/vectem-logo-light.png\",\"contentUrl\":\"https:\\\/\\\/vectem.com\\\/wp-content\\\/uploads\\\/2025\\\/02\\\/vectem-logo-light.png\",\"width\":256,\"height\":133,\"caption\":\"Vectem\"},\"image\":{\"@id\":\"https:\\\/\\\/vectem.com\\\/ca\\\/#\\\/schema\\\/logo\\\/image\\\/\"}}]}<\/script>\n<!-- \/ Yoast SEO plugin. -->","yoast_head_json":{"title":"Xhekpon Escuma Netejadora | Per a tot tipus de pells","description":"Escuma netejadora per a tot tipus de pells (tamb\u00e9 pells sensibles). Neteja suaument i aporta sensaci\u00f3 de confort i hidrataci\u00f3.","robots":{"index":"index","follow":"follow","max-snippet":"max-snippet:-1","max-image-preview":"max-image-preview:large","max-video-preview":"max-video-preview:-1"},"canonical":"https:\/\/vectem.com\/ca\/producte\/xhekpon-contorn-copia\/","og_locale":"ca_ES","og_type":"article","og_title":"Xhekpon Escuma Netejadora | Per a tot tipus de pells","og_description":"Escuma netejadora per a tot tipus de pells (tamb\u00e9 pells sensibles). Neteja suaument i aporta sensaci\u00f3 de confort i hidrataci\u00f3.","og_url":"https:\/\/vectem.com\/ca\/producte\/xhekpon-contorn-copia\/","og_site_name":"Vectem","article_modified_time":"2026-04-20T15:55:56+00:00","og_image":[{"width":1200,"height":1200,"url":"https:\/\/vectem.com\/wp-content\/uploads\/2026\/04\/xhekpon-espuma-limpiadora.webp","type":"image\/webp"}],"twitter_card":"summary_large_image","twitter_misc":{"Temps estimat de lectura":"1 minut"},"schema":{"@context":"https:\/\/schema.org","@graph":[{"@type":"WebPage","@id":"https:\/\/vectem.com\/ca\/producte\/xhekpon-contorn-copia\/","url":"https:\/\/vectem.com\/ca\/producte\/xhekpon-contorn-copia\/","name":"Xhekpon Escuma Netejadora | Per a tot tipus de pells","isPartOf":{"@id":"https:\/\/vectem.com\/ca\/#website"},"primaryImageOfPage":{"@id":"https:\/\/vectem.com\/ca\/producte\/xhekpon-contorn-copia\/#primaryimage"},"image":{"@id":"https:\/\/vectem.com\/ca\/producte\/xhekpon-contorn-copia\/#primaryimage"},"thumbnailUrl":"https:\/\/vectem.com\/wp-content\/uploads\/2026\/04\/xhekpon-espuma-limpiadora.webp","datePublished":"2026-04-16T13:52:08+00:00","dateModified":"2026-04-20T15:55:56+00:00","description":"Escuma netejadora per a tot tipus de pells (tamb\u00e9 pells sensibles). Neteja suaument i aporta sensaci\u00f3 de confort i hidrataci\u00f3.","breadcrumb":{"@id":"https:\/\/vectem.com\/ca\/producte\/xhekpon-contorn-copia\/#breadcrumb"},"inLanguage":"ca","potentialAction":[{"@type":"ReadAction","target":["https:\/\/vectem.com\/ca\/producte\/xhekpon-contorn-copia\/"]}]},{"@type":"ImageObject","inLanguage":"ca","@id":"https:\/\/vectem.com\/ca\/producte\/xhekpon-contorn-copia\/#primaryimage","url":"https:\/\/vectem.com\/wp-content\/uploads\/2026\/04\/xhekpon-espuma-limpiadora.webp","contentUrl":"https:\/\/vectem.com\/wp-content\/uploads\/2026\/04\/xhekpon-espuma-limpiadora.webp","width":1200,"height":1200,"caption":"xhekpon escuma netejadora"},{"@type":"BreadcrumbList","@id":"https:\/\/vectem.com\/ca\/producte\/xhekpon-contorn-copia\/#breadcrumb","itemListElement":[{"@type":"ListItem","position":1,"name":"Home","item":"https:\/\/vectem.com\/ca\/"},{"@type":"ListItem","position":2,"name":"Productes","item":"https:\/\/vectem.com\/ca\/productes\/"},{"@type":"ListItem","position":3,"name":"Xhekpon escuma netejadora"}]},{"@type":"WebSite","@id":"https:\/\/vectem.com\/ca\/#website","url":"https:\/\/vectem.com\/ca\/","name":"Vectem","description":"Laboratorio Qu\u00edmico y farmac\u00e9utico","publisher":{"@id":"https:\/\/vectem.com\/ca\/#organization"},"potentialAction":[{"@type":"SearchAction","target":{"@type":"EntryPoint","urlTemplate":"https:\/\/vectem.com\/ca\/?s={search_term_string}"},"query-input":{"@type":"PropertyValueSpecification","valueRequired":true,"valueName":"search_term_string"}}],"inLanguage":"ca"},{"@type":"Organization","@id":"https:\/\/vectem.com\/ca\/#organization","name":"Vectem","url":"https:\/\/vectem.com\/ca\/","logo":{"@type":"ImageObject","inLanguage":"ca","@id":"https:\/\/vectem.com\/ca\/#\/schema\/logo\/image\/","url":"https:\/\/vectem.com\/wp-content\/uploads\/2025\/02\/vectem-logo-light.png","contentUrl":"https:\/\/vectem.com\/wp-content\/uploads\/2025\/02\/vectem-logo-light.png","width":256,"height":133,"caption":"Vectem"},"image":{"@id":"https:\/\/vectem.com\/ca\/#\/schema\/logo\/image\/"}}]}},"_links":{"self":[{"href":"https:\/\/vectem.com\/ca\/wp-json\/wp\/v2\/product\/4581","targetHints":{"allow":["GET"]}}],"collection":[{"href":"https:\/\/vectem.com\/ca\/wp-json\/wp\/v2\/product"}],"about":[{"href":"https:\/\/vectem.com\/ca\/wp-json\/wp\/v2\/types\/product"}],"wp:featuredmedia":[{"embeddable":true,"href":"https:\/\/vectem.com\/ca\/wp-json\/wp\/v2\/media\/4586"}],"wp:attachment":[{"href":"https:\/\/vectem.com\/ca\/wp-json\/wp\/v2\/media?parent=4581"}],"wp:term":[{"taxonomy":"product_brand","embeddable":true,"href":"https:\/\/vectem.com\/ca\/wp-json\/wp\/v2\/product_brand?post=4581"},{"taxonomy":"product_cat","embeddable":true,"href":"https:\/\/vectem.com\/ca\/wp-json\/wp\/v2\/product_cat?post=4581"},{"taxonomy":"product_tag","embeddable":true,"href":"https:\/\/vectem.com\/ca\/wp-json\/wp\/v2\/product_tag?post=4581"}],"curies":[{"name":"wp","href":"https:\/\/api.w.org\/{rel}","templated":true}]}}