{"id":3162,"date":"2025-02-13T14:04:58","date_gmt":"2025-02-13T13:04:58","guid":{"rendered":"https:\/\/vectem.com\/tienda\/producto\/tractopon-urea-15\/"},"modified":"2026-02-20T11:27:31","modified_gmt":"2026-02-20T10:27:31","slug":"tractopon-urea-15","status":"publish","type":"product","link":"https:\/\/vectem.com\/ca\/producte\/tractopon-urea-15\/","title":{"rendered":"Tractopon UREA 15"},"content":{"rendered":"<p>Crema amb un <strong>15\u202f%<\/strong> d\u2019UREA ENRIQUIDA, formulada amb <strong>VITAMINA F<\/strong> i <strong>GLICERINA<\/strong>. Dissenyada espec\u00edficament per a la cura i la prevenci\u00f3 de peus secs, aspres i descamatius. <\/p>\n<p>Bona tolerancia cut\u00e0nia. Testat sota control dermatol\u00f2gic. <\/p>\n<p>Apte per a peu diab\u00e8tic.<\/p>\n<h3>BENEFICIS<\/h3>\n<p><strong>Hidrataci\u00f3 intensiva<\/strong>: millora la hidrataci\u00f3 de la pell i la deixa m\u00e9s suau i flexible.<\/p>\n<p><strong>Reparaci\u00f3 de la pell<\/strong>: ajuda a reparar i restaurar l\u2019estat de la pell i alleuja zones aspres i escamoses.<\/p>\n<p><strong>Refor\u00e7 de la barrera cut\u00e0nia<\/strong>: protegeix la pell, reduint la p\u00e8rdua d\u2019aigua i millorant la seva flexibilitat.<\/p>\n<h3>RUTINA DE RECUPERACI\u00d3 PER A PEUS<\/h3>\n<p>Aquest programa intensiu ha estat dissenyat en dues fases per recuperar, protegir i refor\u00e7ar els peus, permetent-los afrontar el dia a dia amb m\u00e9s confort i resist\u00e8ncia. La seva efic\u00e0cia comprovada garanteix una millora visible en la textura, la hidrataci\u00f3 i la salut de la pell. <\/p>\n<p><strong>FASE 1 \u2013 Tractopon UREA 30 \u2013 exfoliaci\u00f3 i reparaci\u00f3<\/strong><\/p>\n<ul>\n<li>Elimina les c\u00e8l\u00b7lules mortes i redueix l\u2019engruiximent de la pell.<\/li>\n<li>Restaura la barrera cut\u00e0nia, millorant la textura i la resist\u00e8ncia.<\/li>\n<li>Hidrata en profunditat, evitant sequedat i clivelles.<\/li>\n<\/ul>\n<p>\u00das: aplicar 1-2 vegades al dia fins a notar una millora visible en la pell. Fer un massatge fins a la seva absorci\u00f3 completa.<\/p>\n<p><strong>FASE 2 \u2013 Tractopon UREA 15 \u2013 hidrataci\u00f3 i protecci\u00f3<\/strong><\/p>\n<ul>\n<li>Mant\u00e9 la pell flexible i confortable.<\/li>\n<li>Afavoreix la reparaci\u00f3 cut\u00e0nia, reduint les asprors.<\/li>\n<li>Refor\u00e7a la barrera cut\u00e0nia, protegint del desgast i la deshidrataci\u00f3.<\/li>\n<\/ul>\n<p>\u00das: aplicar di\u00e0riament despr\u00e9s de completar la fase 1 per a prolongar i consolidar els beneficis obtinguts. Fer un massatge fins a la seva absorci\u00f3 completa.<\/p>\n","protected":false},"excerpt":{"rendered":"<p>Hidrataci\u00f3n intensiva pies<\/p>\n","protected":false},"featured_media":2422,"menu_order":68,"template":"","meta":[],"product_brand":[],"product_cat":[236],"product_tag":[],"class_list":{"0":"post-3162","1":"product","2":"type-product","3":"status-publish","4":"has-post-thumbnail","6":"product_cat-sin-categoria-ca","7":"pa_por-activos-omega-3-6-i-9","8":"pa_por-activos-urea-enriquida","9":"pa_por-aplicacion-corporal-ca","10":"pa_por-aplicacion-peus","11":"pa_por-categoria-bestellers-ca","12":"pa_por-marca-tractopon-ca","13":"pa_por-necesidad-pell-seca-i-sensible","15":"first","16":"instock","17":"shipping-taxable","18":"product-type-simple"},"yoast_head":"<!-- This site is optimized with the Yoast SEO plugin v27.5 - https:\/\/yoast.com\/product\/yoast-seo-wordpress\/ -->\n<title>Tractopon Urea 15 | Crema 15% Urea per a Peus Secs<\/title>\n<meta name=\"description\" content=\"Crema amb 15% d\u2019urea enriquida amb vitamina F i glicerina. Hidrata, repara i protegeix peus secs, aspres o descamats. Apta per a peu diab\u00e8tic.\" \/>\n<meta name=\"robots\" content=\"index, follow, max-snippet:-1, max-image-preview:large, max-video-preview:-1\" \/>\n<link rel=\"canonical\" href=\"https:\/\/vectem.com\/ca\/producte\/tractopon-urea-15\/\" \/>\n<meta property=\"og:locale\" content=\"ca_ES\" \/>\n<meta property=\"og:type\" content=\"article\" \/>\n<meta property=\"og:title\" content=\"Tractopon Urea 15 | Crema 15% Urea per a Peus Secs\" \/>\n<meta property=\"og:description\" content=\"Crema amb 15% d\u2019urea enriquida amb vitamina F i glicerina. Hidrata, repara i protegeix peus secs, aspres o descamats. Apta per a peu diab\u00e8tic.\" \/>\n<meta property=\"og:url\" content=\"https:\/\/vectem.com\/ca\/producte\/tractopon-urea-15\/\" \/>\n<meta property=\"og:site_name\" content=\"Vectem\" \/>\n<meta property=\"article:modified_time\" content=\"2026-02-20T10:27:31+00:00\" \/>\n<meta property=\"og:image\" content=\"https:\/\/vectem.com\/wp-content\/uploads\/2025\/02\/vectem-tractopon-urea-15.jpg\" \/>\n\t<meta property=\"og:image:width\" content=\"1200\" \/>\n\t<meta property=\"og:image:height\" content=\"1200\" \/>\n\t<meta property=\"og:image:type\" content=\"image\/jpeg\" \/>\n<meta name=\"twitter:card\" content=\"summary_large_image\" \/>\n<meta name=\"twitter:label1\" content=\"Temps estimat de lectura\" \/>\n\t<meta name=\"twitter:data1\" content=\"2 minuts\" \/>\n<script type=\"application\/ld+json\" class=\"yoast-schema-graph\">{\"@context\":\"https:\\\/\\\/schema.org\",\"@graph\":[{\"@type\":\"WebPage\",\"@id\":\"https:\\\/\\\/vectem.com\\\/ca\\\/producte\\\/tractopon-urea-15\\\/\",\"url\":\"https:\\\/\\\/vectem.com\\\/ca\\\/producte\\\/tractopon-urea-15\\\/\",\"name\":\"Tractopon Urea 15 | Crema 15% Urea per a Peus Secs\",\"isPartOf\":{\"@id\":\"https:\\\/\\\/vectem.com\\\/ca\\\/#website\"},\"primaryImageOfPage\":{\"@id\":\"https:\\\/\\\/vectem.com\\\/ca\\\/producte\\\/tractopon-urea-15\\\/#primaryimage\"},\"image\":{\"@id\":\"https:\\\/\\\/vectem.com\\\/ca\\\/producte\\\/tractopon-urea-15\\\/#primaryimage\"},\"thumbnailUrl\":\"https:\\\/\\\/vectem.com\\\/wp-content\\\/uploads\\\/2025\\\/02\\\/vectem-tractopon-urea-15.jpg\",\"datePublished\":\"2025-02-13T13:04:58+00:00\",\"dateModified\":\"2026-02-20T10:27:31+00:00\",\"description\":\"Crema amb 15% d\u2019urea enriquida amb vitamina F i glicerina. Hidrata, repara i protegeix peus secs, aspres o descamats. Apta per a peu diab\u00e8tic.\",\"breadcrumb\":{\"@id\":\"https:\\\/\\\/vectem.com\\\/ca\\\/producte\\\/tractopon-urea-15\\\/#breadcrumb\"},\"inLanguage\":\"ca\",\"potentialAction\":[{\"@type\":\"ReadAction\",\"target\":[\"https:\\\/\\\/vectem.com\\\/ca\\\/producte\\\/tractopon-urea-15\\\/\"]}]},{\"@type\":\"ImageObject\",\"inLanguage\":\"ca\",\"@id\":\"https:\\\/\\\/vectem.com\\\/ca\\\/producte\\\/tractopon-urea-15\\\/#primaryimage\",\"url\":\"https:\\\/\\\/vectem.com\\\/wp-content\\\/uploads\\\/2025\\\/02\\\/vectem-tractopon-urea-15.jpg\",\"contentUrl\":\"https:\\\/\\\/vectem.com\\\/wp-content\\\/uploads\\\/2025\\\/02\\\/vectem-tractopon-urea-15.jpg\",\"width\":1200,\"height\":1200,\"caption\":\"tractopon urea 15\"},{\"@type\":\"BreadcrumbList\",\"@id\":\"https:\\\/\\\/vectem.com\\\/ca\\\/producte\\\/tractopon-urea-15\\\/#breadcrumb\",\"itemListElement\":[{\"@type\":\"ListItem\",\"position\":1,\"name\":\"Home\",\"item\":\"https:\\\/\\\/vectem.com\\\/ca\\\/\"},{\"@type\":\"ListItem\",\"position\":2,\"name\":\"Productes\",\"item\":\"https:\\\/\\\/vectem.com\\\/ca\\\/productes\\\/\"},{\"@type\":\"ListItem\",\"position\":3,\"name\":\"Tractopon UREA 15\"}]},{\"@type\":\"WebSite\",\"@id\":\"https:\\\/\\\/vectem.com\\\/ca\\\/#website\",\"url\":\"https:\\\/\\\/vectem.com\\\/ca\\\/\",\"name\":\"Vectem\",\"description\":\"Laboratorio Qu\u00edmico y farmac\u00e9utico\",\"publisher\":{\"@id\":\"https:\\\/\\\/vectem.com\\\/ca\\\/#organization\"},\"potentialAction\":[{\"@type\":\"SearchAction\",\"target\":{\"@type\":\"EntryPoint\",\"urlTemplate\":\"https:\\\/\\\/vectem.com\\\/ca\\\/?s={search_term_string}\"},\"query-input\":{\"@type\":\"PropertyValueSpecification\",\"valueRequired\":true,\"valueName\":\"search_term_string\"}}],\"inLanguage\":\"ca\"},{\"@type\":\"Organization\",\"@id\":\"https:\\\/\\\/vectem.com\\\/ca\\\/#organization\",\"name\":\"Vectem\",\"url\":\"https:\\\/\\\/vectem.com\\\/ca\\\/\",\"logo\":{\"@type\":\"ImageObject\",\"inLanguage\":\"ca\",\"@id\":\"https:\\\/\\\/vectem.com\\\/ca\\\/#\\\/schema\\\/logo\\\/image\\\/\",\"url\":\"https:\\\/\\\/vectem.com\\\/wp-content\\\/uploads\\\/2025\\\/02\\\/vectem-logo-light.png\",\"contentUrl\":\"https:\\\/\\\/vectem.com\\\/wp-content\\\/uploads\\\/2025\\\/02\\\/vectem-logo-light.png\",\"width\":256,\"height\":133,\"caption\":\"Vectem\"},\"image\":{\"@id\":\"https:\\\/\\\/vectem.com\\\/ca\\\/#\\\/schema\\\/logo\\\/image\\\/\"}}]}<\/script>\n<!-- \/ Yoast SEO plugin. -->","yoast_head_json":{"title":"Tractopon Urea 15 | Crema 15% Urea per a Peus Secs","description":"Crema amb 15% d\u2019urea enriquida amb vitamina F i glicerina. Hidrata, repara i protegeix peus secs, aspres o descamats. Apta per a peu diab\u00e8tic.","robots":{"index":"index","follow":"follow","max-snippet":"max-snippet:-1","max-image-preview":"max-image-preview:large","max-video-preview":"max-video-preview:-1"},"canonical":"https:\/\/vectem.com\/ca\/producte\/tractopon-urea-15\/","og_locale":"ca_ES","og_type":"article","og_title":"Tractopon Urea 15 | Crema 15% Urea per a Peus Secs","og_description":"Crema amb 15% d\u2019urea enriquida amb vitamina F i glicerina. Hidrata, repara i protegeix peus secs, aspres o descamats. Apta per a peu diab\u00e8tic.","og_url":"https:\/\/vectem.com\/ca\/producte\/tractopon-urea-15\/","og_site_name":"Vectem","article_modified_time":"2026-02-20T10:27:31+00:00","og_image":[{"width":1200,"height":1200,"url":"https:\/\/vectem.com\/wp-content\/uploads\/2025\/02\/vectem-tractopon-urea-15.jpg","type":"image\/jpeg"}],"twitter_card":"summary_large_image","twitter_misc":{"Temps estimat de lectura":"2 minuts"},"schema":{"@context":"https:\/\/schema.org","@graph":[{"@type":"WebPage","@id":"https:\/\/vectem.com\/ca\/producte\/tractopon-urea-15\/","url":"https:\/\/vectem.com\/ca\/producte\/tractopon-urea-15\/","name":"Tractopon Urea 15 | Crema 15% Urea per a Peus Secs","isPartOf":{"@id":"https:\/\/vectem.com\/ca\/#website"},"primaryImageOfPage":{"@id":"https:\/\/vectem.com\/ca\/producte\/tractopon-urea-15\/#primaryimage"},"image":{"@id":"https:\/\/vectem.com\/ca\/producte\/tractopon-urea-15\/#primaryimage"},"thumbnailUrl":"https:\/\/vectem.com\/wp-content\/uploads\/2025\/02\/vectem-tractopon-urea-15.jpg","datePublished":"2025-02-13T13:04:58+00:00","dateModified":"2026-02-20T10:27:31+00:00","description":"Crema amb 15% d\u2019urea enriquida amb vitamina F i glicerina. Hidrata, repara i protegeix peus secs, aspres o descamats. Apta per a peu diab\u00e8tic.","breadcrumb":{"@id":"https:\/\/vectem.com\/ca\/producte\/tractopon-urea-15\/#breadcrumb"},"inLanguage":"ca","potentialAction":[{"@type":"ReadAction","target":["https:\/\/vectem.com\/ca\/producte\/tractopon-urea-15\/"]}]},{"@type":"ImageObject","inLanguage":"ca","@id":"https:\/\/vectem.com\/ca\/producte\/tractopon-urea-15\/#primaryimage","url":"https:\/\/vectem.com\/wp-content\/uploads\/2025\/02\/vectem-tractopon-urea-15.jpg","contentUrl":"https:\/\/vectem.com\/wp-content\/uploads\/2025\/02\/vectem-tractopon-urea-15.jpg","width":1200,"height":1200,"caption":"tractopon urea 15"},{"@type":"BreadcrumbList","@id":"https:\/\/vectem.com\/ca\/producte\/tractopon-urea-15\/#breadcrumb","itemListElement":[{"@type":"ListItem","position":1,"name":"Home","item":"https:\/\/vectem.com\/ca\/"},{"@type":"ListItem","position":2,"name":"Productes","item":"https:\/\/vectem.com\/ca\/productes\/"},{"@type":"ListItem","position":3,"name":"Tractopon UREA 15"}]},{"@type":"WebSite","@id":"https:\/\/vectem.com\/ca\/#website","url":"https:\/\/vectem.com\/ca\/","name":"Vectem","description":"Laboratorio Qu\u00edmico y farmac\u00e9utico","publisher":{"@id":"https:\/\/vectem.com\/ca\/#organization"},"potentialAction":[{"@type":"SearchAction","target":{"@type":"EntryPoint","urlTemplate":"https:\/\/vectem.com\/ca\/?s={search_term_string}"},"query-input":{"@type":"PropertyValueSpecification","valueRequired":true,"valueName":"search_term_string"}}],"inLanguage":"ca"},{"@type":"Organization","@id":"https:\/\/vectem.com\/ca\/#organization","name":"Vectem","url":"https:\/\/vectem.com\/ca\/","logo":{"@type":"ImageObject","inLanguage":"ca","@id":"https:\/\/vectem.com\/ca\/#\/schema\/logo\/image\/","url":"https:\/\/vectem.com\/wp-content\/uploads\/2025\/02\/vectem-logo-light.png","contentUrl":"https:\/\/vectem.com\/wp-content\/uploads\/2025\/02\/vectem-logo-light.png","width":256,"height":133,"caption":"Vectem"},"image":{"@id":"https:\/\/vectem.com\/ca\/#\/schema\/logo\/image\/"}}]}},"_links":{"self":[{"href":"https:\/\/vectem.com\/ca\/wp-json\/wp\/v2\/product\/3162","targetHints":{"allow":["GET"]}}],"collection":[{"href":"https:\/\/vectem.com\/ca\/wp-json\/wp\/v2\/product"}],"about":[{"href":"https:\/\/vectem.com\/ca\/wp-json\/wp\/v2\/types\/product"}],"wp:featuredmedia":[{"embeddable":true,"href":"https:\/\/vectem.com\/ca\/wp-json\/wp\/v2\/media\/2422"}],"wp:attachment":[{"href":"https:\/\/vectem.com\/ca\/wp-json\/wp\/v2\/media?parent=3162"}],"wp:term":[{"taxonomy":"product_brand","embeddable":true,"href":"https:\/\/vectem.com\/ca\/wp-json\/wp\/v2\/product_brand?post=3162"},{"taxonomy":"product_cat","embeddable":true,"href":"https:\/\/vectem.com\/ca\/wp-json\/wp\/v2\/product_cat?post=3162"},{"taxonomy":"product_tag","embeddable":true,"href":"https:\/\/vectem.com\/ca\/wp-json\/wp\/v2\/product_tag?post=3162"}],"curies":[{"name":"wp","href":"https:\/\/api.w.org\/{rel}","templated":true}]}}