{"id":3131,"date":"2025-02-13T13:41:55","date_gmt":"2025-02-13T12:41:55","guid":{"rendered":"https:\/\/vectem.com\/tienda\/producto\/xhekpon-solucio\/"},"modified":"2026-03-09T13:55:11","modified_gmt":"2026-03-09T12:55:11","slug":"xhekpon-flash","status":"publish","type":"product","link":"https:\/\/vectem.com\/ca\/producte\/xhekpon-flash\/","title":{"rendered":"Xhekpon Flash"},"content":{"rendered":"<p><strong><span style=\"color: #bd4fb1;\"><em>Disponible ja a Espanya<\/em><\/span><\/strong><\/p>\n<p>Soluci\u00f3 amb <strong>COL\u00b7L\u00c0GEN HIDROLITZAT<\/strong> i <strong>ALOE VERA<\/strong>. Indicada per a alleujar i revitalitzar la pell del rostre, coll i escot. Proporciona un efecte tensor immediat, millorant-ne l\u2019aspecte i la lluminositat.<\/p>\n<p>Bona toler\u00e0ncia cut\u00e0nia. Testada sota control dermatol\u00f2gic. <\/p>\n<h3>BENEFICIS<\/h3>\n<p>Efecte tensor immediat: revitalitza la pell i redueix els signes de fatiga.<\/p>\n<p><strong>Lluminositat a l\u2019instant<\/strong>: aporta un brillant natural, deixant la pell radiant.<\/p>\n<p><strong>Versatilitat d\u2019\u00fas<\/strong>: perfecta per a rostre, coll i escot, aix\u00ed com base per a maquillatge.<\/p>\n","protected":false},"excerpt":{"rendered":"<p><em><span class=\"badge-disponible\">Disponible ja a Espanya<\/span><\/em><br \/>\nRevitalitzaci\u00f3 instant\u00e0nia pell<\/p>\n","protected":false},"featured_media":4305,"menu_order":19,"template":"","meta":[],"product_brand":[],"product_cat":[236],"product_tag":[],"class_list":{"0":"post-3131","1":"product","2":"type-product","3":"status-publish","4":"has-post-thumbnail","6":"product_cat-sin-categoria-ca","7":"pa_por-activos-collagen-hidrolitzat","8":"pa_por-aplicacion-facial-ca","9":"pa_por-categoria-novetats","10":"pa_por-marca-xhekpon-ca","11":"pa_por-necesidad-arrugues-i-linies-dexpressio","12":"pa_por-necesidad-pell-apagada","14":"first","15":"instock","16":"shipping-taxable","17":"product-type-simple"},"yoast_head":"<!-- This site is optimized with the Yoast SEO plugin v27.5 - https:\/\/yoast.com\/product\/yoast-seo-wordpress\/ -->\n<title>Xhekpon Flash | Ampolles Efecte Tensor amb Col\u00b7lagen<\/title>\n<meta name=\"description\" content=\"Soluci\u00f3 efecte flash amb col\u00b7lagen hidrolitzat i aloe vera. Revitalitza, tensa i aporta lluminositat immediata a rostre, coll i escot.\" \/>\n<meta name=\"robots\" content=\"index, follow, max-snippet:-1, max-image-preview:large, max-video-preview:-1\" \/>\n<link rel=\"canonical\" href=\"https:\/\/vectem.com\/ca\/producte\/xhekpon-flash\/\" \/>\n<meta property=\"og:locale\" content=\"ca_ES\" \/>\n<meta property=\"og:type\" content=\"article\" \/>\n<meta property=\"og:title\" content=\"Xhekpon Flash | Ampolles Efecte Tensor amb Col\u00b7lagen\" \/>\n<meta property=\"og:description\" content=\"Soluci\u00f3 efecte flash amb col\u00b7lagen hidrolitzat i aloe vera. Revitalitza, tensa i aporta lluminositat immediata a rostre, coll i escot.\" \/>\n<meta property=\"og:url\" content=\"https:\/\/vectem.com\/ca\/producte\/xhekpon-flash\/\" \/>\n<meta property=\"og:site_name\" content=\"Vectem\" \/>\n<meta property=\"article:modified_time\" content=\"2026-03-09T12:55:11+00:00\" \/>\n<meta property=\"og:image\" content=\"https:\/\/vectem.com\/wp-content\/uploads\/2025\/02\/XP-FLASH-INGLES.png\" \/>\n\t<meta property=\"og:image:width\" content=\"1200\" \/>\n\t<meta property=\"og:image:height\" content=\"1200\" \/>\n\t<meta property=\"og:image:type\" content=\"image\/png\" \/>\n<meta name=\"twitter:card\" content=\"summary_large_image\" \/>\n<meta name=\"twitter:label1\" content=\"Temps estimat de lectura\" \/>\n\t<meta name=\"twitter:data1\" content=\"1 minut\" \/>\n<script type=\"application\/ld+json\" class=\"yoast-schema-graph\">{\"@context\":\"https:\\\/\\\/schema.org\",\"@graph\":[{\"@type\":\"WebPage\",\"@id\":\"https:\\\/\\\/vectem.com\\\/ca\\\/producte\\\/xhekpon-flash\\\/\",\"url\":\"https:\\\/\\\/vectem.com\\\/ca\\\/producte\\\/xhekpon-flash\\\/\",\"name\":\"Xhekpon Flash | Ampolles Efecte Tensor amb Col\u00b7lagen\",\"isPartOf\":{\"@id\":\"https:\\\/\\\/vectem.com\\\/ca\\\/#website\"},\"primaryImageOfPage\":{\"@id\":\"https:\\\/\\\/vectem.com\\\/ca\\\/producte\\\/xhekpon-flash\\\/#primaryimage\"},\"image\":{\"@id\":\"https:\\\/\\\/vectem.com\\\/ca\\\/producte\\\/xhekpon-flash\\\/#primaryimage\"},\"thumbnailUrl\":\"https:\\\/\\\/vectem.com\\\/wp-content\\\/uploads\\\/2025\\\/02\\\/XP-FLASH-INGLES.png\",\"datePublished\":\"2025-02-13T12:41:55+00:00\",\"dateModified\":\"2026-03-09T12:55:11+00:00\",\"description\":\"Soluci\u00f3 efecte flash amb col\u00b7lagen hidrolitzat i aloe vera. Revitalitza, tensa i aporta lluminositat immediata a rostre, coll i escot.\",\"breadcrumb\":{\"@id\":\"https:\\\/\\\/vectem.com\\\/ca\\\/producte\\\/xhekpon-flash\\\/#breadcrumb\"},\"inLanguage\":\"ca\",\"potentialAction\":[{\"@type\":\"ReadAction\",\"target\":[\"https:\\\/\\\/vectem.com\\\/ca\\\/producte\\\/xhekpon-flash\\\/\"]}]},{\"@type\":\"ImageObject\",\"inLanguage\":\"ca\",\"@id\":\"https:\\\/\\\/vectem.com\\\/ca\\\/producte\\\/xhekpon-flash\\\/#primaryimage\",\"url\":\"https:\\\/\\\/vectem.com\\\/wp-content\\\/uploads\\\/2025\\\/02\\\/XP-FLASH-INGLES.png\",\"contentUrl\":\"https:\\\/\\\/vectem.com\\\/wp-content\\\/uploads\\\/2025\\\/02\\\/XP-FLASH-INGLES.png\",\"width\":1200,\"height\":1200,\"caption\":\"xhekpon flash collagen\"},{\"@type\":\"BreadcrumbList\",\"@id\":\"https:\\\/\\\/vectem.com\\\/ca\\\/producte\\\/xhekpon-flash\\\/#breadcrumb\",\"itemListElement\":[{\"@type\":\"ListItem\",\"position\":1,\"name\":\"Home\",\"item\":\"https:\\\/\\\/vectem.com\\\/ca\\\/\"},{\"@type\":\"ListItem\",\"position\":2,\"name\":\"Productes\",\"item\":\"https:\\\/\\\/vectem.com\\\/ca\\\/productes\\\/\"},{\"@type\":\"ListItem\",\"position\":3,\"name\":\"Xhekpon Flash\"}]},{\"@type\":\"WebSite\",\"@id\":\"https:\\\/\\\/vectem.com\\\/ca\\\/#website\",\"url\":\"https:\\\/\\\/vectem.com\\\/ca\\\/\",\"name\":\"Vectem\",\"description\":\"Laboratorio Qu\u00edmico y farmac\u00e9utico\",\"publisher\":{\"@id\":\"https:\\\/\\\/vectem.com\\\/ca\\\/#organization\"},\"potentialAction\":[{\"@type\":\"SearchAction\",\"target\":{\"@type\":\"EntryPoint\",\"urlTemplate\":\"https:\\\/\\\/vectem.com\\\/ca\\\/?s={search_term_string}\"},\"query-input\":{\"@type\":\"PropertyValueSpecification\",\"valueRequired\":true,\"valueName\":\"search_term_string\"}}],\"inLanguage\":\"ca\"},{\"@type\":\"Organization\",\"@id\":\"https:\\\/\\\/vectem.com\\\/ca\\\/#organization\",\"name\":\"Vectem\",\"url\":\"https:\\\/\\\/vectem.com\\\/ca\\\/\",\"logo\":{\"@type\":\"ImageObject\",\"inLanguage\":\"ca\",\"@id\":\"https:\\\/\\\/vectem.com\\\/ca\\\/#\\\/schema\\\/logo\\\/image\\\/\",\"url\":\"https:\\\/\\\/vectem.com\\\/wp-content\\\/uploads\\\/2025\\\/02\\\/vectem-logo-light.png\",\"contentUrl\":\"https:\\\/\\\/vectem.com\\\/wp-content\\\/uploads\\\/2025\\\/02\\\/vectem-logo-light.png\",\"width\":256,\"height\":133,\"caption\":\"Vectem\"},\"image\":{\"@id\":\"https:\\\/\\\/vectem.com\\\/ca\\\/#\\\/schema\\\/logo\\\/image\\\/\"}}]}<\/script>\n<!-- \/ Yoast SEO plugin. -->","yoast_head_json":{"title":"Xhekpon Flash | Ampolles Efecte Tensor amb Col\u00b7lagen","description":"Soluci\u00f3 efecte flash amb col\u00b7lagen hidrolitzat i aloe vera. Revitalitza, tensa i aporta lluminositat immediata a rostre, coll i escot.","robots":{"index":"index","follow":"follow","max-snippet":"max-snippet:-1","max-image-preview":"max-image-preview:large","max-video-preview":"max-video-preview:-1"},"canonical":"https:\/\/vectem.com\/ca\/producte\/xhekpon-flash\/","og_locale":"ca_ES","og_type":"article","og_title":"Xhekpon Flash | Ampolles Efecte Tensor amb Col\u00b7lagen","og_description":"Soluci\u00f3 efecte flash amb col\u00b7lagen hidrolitzat i aloe vera. Revitalitza, tensa i aporta lluminositat immediata a rostre, coll i escot.","og_url":"https:\/\/vectem.com\/ca\/producte\/xhekpon-flash\/","og_site_name":"Vectem","article_modified_time":"2026-03-09T12:55:11+00:00","og_image":[{"width":1200,"height":1200,"url":"https:\/\/vectem.com\/wp-content\/uploads\/2025\/02\/XP-FLASH-INGLES.png","type":"image\/png"}],"twitter_card":"summary_large_image","twitter_misc":{"Temps estimat de lectura":"1 minut"},"schema":{"@context":"https:\/\/schema.org","@graph":[{"@type":"WebPage","@id":"https:\/\/vectem.com\/ca\/producte\/xhekpon-flash\/","url":"https:\/\/vectem.com\/ca\/producte\/xhekpon-flash\/","name":"Xhekpon Flash | Ampolles Efecte Tensor amb Col\u00b7lagen","isPartOf":{"@id":"https:\/\/vectem.com\/ca\/#website"},"primaryImageOfPage":{"@id":"https:\/\/vectem.com\/ca\/producte\/xhekpon-flash\/#primaryimage"},"image":{"@id":"https:\/\/vectem.com\/ca\/producte\/xhekpon-flash\/#primaryimage"},"thumbnailUrl":"https:\/\/vectem.com\/wp-content\/uploads\/2025\/02\/XP-FLASH-INGLES.png","datePublished":"2025-02-13T12:41:55+00:00","dateModified":"2026-03-09T12:55:11+00:00","description":"Soluci\u00f3 efecte flash amb col\u00b7lagen hidrolitzat i aloe vera. Revitalitza, tensa i aporta lluminositat immediata a rostre, coll i escot.","breadcrumb":{"@id":"https:\/\/vectem.com\/ca\/producte\/xhekpon-flash\/#breadcrumb"},"inLanguage":"ca","potentialAction":[{"@type":"ReadAction","target":["https:\/\/vectem.com\/ca\/producte\/xhekpon-flash\/"]}]},{"@type":"ImageObject","inLanguage":"ca","@id":"https:\/\/vectem.com\/ca\/producte\/xhekpon-flash\/#primaryimage","url":"https:\/\/vectem.com\/wp-content\/uploads\/2025\/02\/XP-FLASH-INGLES.png","contentUrl":"https:\/\/vectem.com\/wp-content\/uploads\/2025\/02\/XP-FLASH-INGLES.png","width":1200,"height":1200,"caption":"xhekpon flash collagen"},{"@type":"BreadcrumbList","@id":"https:\/\/vectem.com\/ca\/producte\/xhekpon-flash\/#breadcrumb","itemListElement":[{"@type":"ListItem","position":1,"name":"Home","item":"https:\/\/vectem.com\/ca\/"},{"@type":"ListItem","position":2,"name":"Productes","item":"https:\/\/vectem.com\/ca\/productes\/"},{"@type":"ListItem","position":3,"name":"Xhekpon Flash"}]},{"@type":"WebSite","@id":"https:\/\/vectem.com\/ca\/#website","url":"https:\/\/vectem.com\/ca\/","name":"Vectem","description":"Laboratorio Qu\u00edmico y farmac\u00e9utico","publisher":{"@id":"https:\/\/vectem.com\/ca\/#organization"},"potentialAction":[{"@type":"SearchAction","target":{"@type":"EntryPoint","urlTemplate":"https:\/\/vectem.com\/ca\/?s={search_term_string}"},"query-input":{"@type":"PropertyValueSpecification","valueRequired":true,"valueName":"search_term_string"}}],"inLanguage":"ca"},{"@type":"Organization","@id":"https:\/\/vectem.com\/ca\/#organization","name":"Vectem","url":"https:\/\/vectem.com\/ca\/","logo":{"@type":"ImageObject","inLanguage":"ca","@id":"https:\/\/vectem.com\/ca\/#\/schema\/logo\/image\/","url":"https:\/\/vectem.com\/wp-content\/uploads\/2025\/02\/vectem-logo-light.png","contentUrl":"https:\/\/vectem.com\/wp-content\/uploads\/2025\/02\/vectem-logo-light.png","width":256,"height":133,"caption":"Vectem"},"image":{"@id":"https:\/\/vectem.com\/ca\/#\/schema\/logo\/image\/"}}]}},"_links":{"self":[{"href":"https:\/\/vectem.com\/ca\/wp-json\/wp\/v2\/product\/3131","targetHints":{"allow":["GET"]}}],"collection":[{"href":"https:\/\/vectem.com\/ca\/wp-json\/wp\/v2\/product"}],"about":[{"href":"https:\/\/vectem.com\/ca\/wp-json\/wp\/v2\/types\/product"}],"wp:featuredmedia":[{"embeddable":true,"href":"https:\/\/vectem.com\/ca\/wp-json\/wp\/v2\/media\/4305"}],"wp:attachment":[{"href":"https:\/\/vectem.com\/ca\/wp-json\/wp\/v2\/media?parent=3131"}],"wp:term":[{"taxonomy":"product_brand","embeddable":true,"href":"https:\/\/vectem.com\/ca\/wp-json\/wp\/v2\/product_brand?post=3131"},{"taxonomy":"product_cat","embeddable":true,"href":"https:\/\/vectem.com\/ca\/wp-json\/wp\/v2\/product_cat?post=3131"},{"taxonomy":"product_tag","embeddable":true,"href":"https:\/\/vectem.com\/ca\/wp-json\/wp\/v2\/product_tag?post=3131"}],"curies":[{"name":"wp","href":"https:\/\/api.w.org\/{rel}","templated":true}]}}